{"id":133,"date":"2024-11-13T00:25:20","date_gmt":"2024-11-12T23:25:20","guid":{"rendered":"https:\/\/namiodowo.eu\/pl\/?page_id=133"},"modified":"2025-12-01T14:28:11","modified_gmt":"2025-12-01T13:28:11","slug":"dostawa","status":"publish","type":"page","link":"https:\/\/namiodowo.eu\/en\/dostawa\/","title":{"rendered":"Dostawa"},"content":{"rendered":"<p><strong>Koszty wysy\u0142ki<\/strong><\/p><ul class=\"wp-block-list\"><li>Wysy\u0142ka do paczkomatu InPost: <strong>16,99 z\u0142<\/strong><\/li><\/ul><p><strong>Dla wszystkich zam\u00f3wie\u0144 powy\u017cej 100z\u0142 oferujemy darmow\u0105 wysy\u0142k\u0119.<\/strong><\/p><p>Dok\u0142adamy wszelkich stara\u0144, aby przesy\u0142ki by\u0142y odpowiednio zabezpieczone, gwarantuj\u0105c ich bezpieczne dotarcie do Pa\u0144stwa.<\/p><p>Dzi\u0119kujemy za zrozumienie. <\/p><h5 class=\"wp-block-heading\">Informacja o wysy\u0142kach przed\u015bwi\u0105tecznych<\/h5><p>Ze wzgl\u0119du na <strong>wzmo\u017cony ruch przed\u015bwi\u0105teczny<\/strong> czas dostawy paczek mo\u017ce ulec <strong>wyd\u0142u\u017ceniu o kilka dni<\/strong>.<br>Dok\u0142adamy wszelkich stara\u0144, aby zam\u00f3wienia dotar\u0142y jak najszybciej.<\/p><p>Dzi\u0119kujemy za <strong>zrozumienie i wyrozumia\u0142o\u015b\u0107<\/strong>. <\/p><p><\/p>","protected":false},"excerpt":{"rendered":"<p>Koszty wysy\u0142ki Dla wszystkich zam\u00f3wie\u0144 powy\u017cej 100z\u0142 oferujemy darmow\u0105 wysy\u0142k\u0119. Dok\u0142adamy wszelkich stara\u0144, aby przesy\u0142ki by\u0142y odpowiednio zabezpieczone, gwarantuj\u0105c ich [&hellip;]<\/p>\n","protected":false},"author":1,"featured_media":0,"parent":0,"menu_order":0,"comment_status":"closed","ping_status":"closed","template":"","meta":{"site-sidebar-layout":"default","site-content-layout":"","ast-site-content-layout":"","site-content-style":"default","site-sidebar-style":"default","ast-global-header-display":"","ast-banner-title-visibility":"","ast-main-header-display":"","ast-hfb-above-header-display":"","ast-hfb-below-header-display":"","ast-hfb-mobile-header-display":"","site-post-title":"","ast-breadcrumbs-content":"","ast-featured-img":"","footer-sml-layout":"","theme-transparent-header-meta":"","adv-header-id-meta":"","stick-header-meta":"","header-above-stick-meta":"","header-main-stick-meta":"","header-below-stick-meta":"","astra-migrate-meta-layouts":"default","ast-page-background-enabled":"default","ast-page-background-meta":{"desktop":{"background-color":"var(--ast-global-color-4)","background-image":"","background-repeat":"repeat","background-position":"center center","background-size":"auto","background-attachment":"scroll","background-type":"","background-media":"","overlay-type":"","overlay-color":"","overlay-opacity":"","overlay-gradient":""},"tablet":{"background-color":"","background-image":"","background-repeat":"repeat","background-position":"center center","background-size":"auto","background-attachment":"scroll","background-type":"","background-media":"","overlay-type":"","overlay-color":"","overlay-opacity":"","overlay-gradient":""},"mobile":{"background-color":"","background-image":"","background-repeat":"repeat","background-position":"center center","background-size":"auto","background-attachment":"scroll","background-type":"","background-media":"","overlay-type":"","overlay-color":"","overlay-opacity":"","overlay-gradient":""}},"ast-content-background-meta":{"desktop":{"background-color":"var(--ast-global-color-5)","background-image":"","background-repeat":"repeat","background-position":"center center","background-size":"auto","background-attachment":"scroll","background-type":"","background-media":"","overlay-type":"","overlay-color":"","overlay-opacity":"","overlay-gradient":""},"tablet":{"background-color":"var(--ast-global-color-5)","background-image":"","background-repeat":"repeat","background-position":"center center","background-size":"auto","background-attachment":"scroll","background-type":"","background-media":"","overlay-type":"","overlay-color":"","overlay-opacity":"","overlay-gradient":""},"mobile":{"background-color":"var(--ast-global-color-5)","background-image":"","background-repeat":"repeat","background-position":"center center","background-size":"auto","background-attachment":"scroll","background-type":"","background-media":"","overlay-type":"","overlay-color":"","overlay-opacity":"","overlay-gradient":""}},"footnotes":""},"class_list":["post-133","page","type-page","status-publish","hentry"],"yoast_head":"<!-- This site is optimized with the Yoast SEO plugin v23.9 - https:\/\/yoast.com\/wordpress\/plugins\/seo\/ -->\n<title>Dostawa - namiodowo<\/title>\n<meta name=\"robots\" content=\"index, follow, max-snippet:-1, max-image-preview:large, max-video-preview:-1\" \/>\n<link rel=\"canonical\" href=\"https:\/\/namiodowo.eu\/en\/dostawa\/\" \/>\n<meta property=\"og:locale\" content=\"en_US\" \/>\n<meta property=\"og:locale:alternate\" content=\"pl_PL\" \/>\n<meta property=\"og:type\" content=\"article\" \/>\n<meta property=\"og:title\" content=\"Dostawa\" \/>\n<meta property=\"og:description\" content=\"Koszty wysy\u0142ki Dla wszystkich zam\u00f3wie\u0144 powy\u017cej 100z\u0142 oferujemy darmow\u0105 wysy\u0142k\u0119. Dok\u0142adamy wszelkich stara\u0144, aby przesy\u0142ki by\u0142y odpowiednio zabezpieczone, gwarantuj\u0105c ich [&hellip;]\" \/>\n<meta property=\"og:url\" content=\"https:\/\/namiodowo.eu\/en\/dostawa\/\" \/>\n<meta property=\"og:site_name\" content=\"namiodowo\" \/>\n<meta property=\"article:publisher\" content=\"https:\/\/www.facebook.com\/namiodowo\" \/>\n<meta property=\"article:modified_time\" content=\"2025-12-01T13:28:11+00:00\" \/>\n<meta name=\"twitter:card\" content=\"summary_large_image\" \/>\n<meta name=\"twitter:label1\" content=\"Est. reading time\" \/>\n\t<meta name=\"twitter:data1\" content=\"1 minute\" \/>\n<script type=\"application\/ld+json\" class=\"yoast-schema-graph\">{\"@context\":\"https:\/\/schema.org\",\"@graph\":[{\"@type\":\"WebPage\",\"@id\":\"https:\/\/namiodowo.eu\/pl\/dostawa\/\",\"url\":\"https:\/\/namiodowo.eu\/pl\/dostawa\/\",\"name\":\"Dostawa\",\"isPartOf\":{\"@id\":\"https:\/\/namiodowo.eu\/#website\"},\"datePublished\":\"2024-11-12T23:25:20+00:00\",\"dateModified\":\"2025-12-01T13:28:11+00:00\",\"breadcrumb\":{\"@id\":\"https:\/\/namiodowo.eu\/pl\/dostawa\/#breadcrumb\"},\"inLanguage\":\"en-US\",\"potentialAction\":[{\"@type\":\"ReadAction\",\"target\":[\"https:\/\/namiodowo.eu\/pl\/dostawa\/\"]}]},{\"@type\":\"BreadcrumbList\",\"@id\":\"https:\/\/namiodowo.eu\/pl\/dostawa\/#breadcrumb\",\"itemListElement\":[{\"@type\":\"ListItem\",\"position\":1,\"name\":\"Strona g\u0142\u00f3wna\",\"item\":\"https:\/\/namiodowo.eu\/pl\/\"},{\"@type\":\"ListItem\",\"position\":2,\"name\":\"Dostawa\"}]},{\"@type\":\"WebSite\",\"@id\":\"https:\/\/namiodowo.eu\/#website\",\"url\":\"https:\/\/namiodowo.eu\/\",\"name\":\"Miodosytnia Namiodowo | Rzemie\u015blnicze Miody Pitne\",\"description\":\"Tradycja, Pasja, Doskona\u0142y Smak\",\"publisher\":{\"@id\":\"https:\/\/namiodowo.eu\/#organization\"},\"potentialAction\":[{\"@type\":\"SearchAction\",\"target\":{\"@type\":\"EntryPoint\",\"urlTemplate\":\"https:\/\/namiodowo.eu\/?s={search_term_string}\"},\"query-input\":{\"@type\":\"PropertyValueSpecification\",\"valueRequired\":true,\"valueName\":\"search_term_string\"}}],\"inLanguage\":\"en-US\"},{\"@type\":\"Organization\",\"@id\":\"https:\/\/namiodowo.eu\/#organization\",\"name\":\"namiodowo\",\"url\":\"https:\/\/namiodowo.eu\/\",\"logo\":{\"@type\":\"ImageObject\",\"inLanguage\":\"en-US\",\"@id\":\"https:\/\/namiodowo.eu\/#\/schema\/logo\/image\/\",\"url\":\"https:\/\/namiodowo.eu\/wp-content\/uploads\/2024\/11\/logo-M-gold-small.png\",\"contentUrl\":\"https:\/\/namiodowo.eu\/wp-content\/uploads\/2024\/11\/logo-M-gold-small.png\",\"width\":40,\"height\":40,\"caption\":\"namiodowo\"},\"image\":{\"@id\":\"https:\/\/namiodowo.eu\/#\/schema\/logo\/image\/\"},\"sameAs\":[\"https:\/\/www.facebook.com\/namiodowo\",\"https:\/\/www.instagram.com\/na.miodowo\"]}]}<\/script>\n<!-- \/ Yoast SEO plugin. -->","yoast_head_json":{"title":"Dostawa - namiodowo","robots":{"index":"index","follow":"follow","max-snippet":"max-snippet:-1","max-image-preview":"max-image-preview:large","max-video-preview":"max-video-preview:-1"},"canonical":"https:\/\/namiodowo.eu\/en\/dostawa\/","og_locale":"en_US","og_type":"article","og_title":"[:pl]Dostawa[:] - namiodowo","og_description":"Koszty wysy\u0142ki Dla wszystkich zam\u00f3wie\u0144 powy\u017cej 100z\u0142 oferujemy darmow\u0105 wysy\u0142k\u0119. Dok\u0142adamy wszelkich stara\u0144, aby przesy\u0142ki by\u0142y odpowiednio zabezpieczone, gwarantuj\u0105c ich [&hellip;]","og_url":"https:\/\/namiodowo.eu\/en\/dostawa\/","og_site_name":"namiodowo","article_publisher":"https:\/\/www.facebook.com\/namiodowo","article_modified_time":"2025-12-01T13:28:11+00:00","twitter_card":"summary_large_image","twitter_misc":{"Est. reading time":"1 minute"},"schema":{"@context":"https:\/\/schema.org","@graph":[{"@type":"WebPage","@id":"https:\/\/namiodowo.eu\/pl\/dostawa\/","url":"https:\/\/namiodowo.eu\/pl\/dostawa\/","name":"Dostawa","isPartOf":{"@id":"https:\/\/namiodowo.eu\/#website"},"datePublished":"2024-11-12T23:25:20+00:00","dateModified":"2025-12-01T13:28:11+00:00","breadcrumb":{"@id":"https:\/\/namiodowo.eu\/pl\/dostawa\/#breadcrumb"},"inLanguage":"en-US","potentialAction":[{"@type":"ReadAction","target":["https:\/\/namiodowo.eu\/pl\/dostawa\/"]}]},{"@type":"BreadcrumbList","@id":"https:\/\/namiodowo.eu\/pl\/dostawa\/#breadcrumb","itemListElement":[{"@type":"ListItem","position":1,"name":"Strona g\u0142\u00f3wna","item":"https:\/\/namiodowo.eu\/pl\/"},{"@type":"ListItem","position":2,"name":"Dostawa"}]},{"@type":"WebSite","@id":"https:\/\/namiodowo.eu\/#website","url":"https:\/\/namiodowo.eu\/","name":"Miodosytnia Namiodowo | Rzemie\u015blnicze Miody Pitne","description":"Tradycja, Pasja, Doskona\u0142y Smak","publisher":{"@id":"https:\/\/namiodowo.eu\/#organization"},"potentialAction":[{"@type":"SearchAction","target":{"@type":"EntryPoint","urlTemplate":"https:\/\/namiodowo.eu\/?s={search_term_string}"},"query-input":{"@type":"PropertyValueSpecification","valueRequired":true,"valueName":"search_term_string"}}],"inLanguage":"en-US"},{"@type":"Organization","@id":"https:\/\/namiodowo.eu\/#organization","name":"namiodowo","url":"https:\/\/namiodowo.eu\/","logo":{"@type":"ImageObject","inLanguage":"en-US","@id":"https:\/\/namiodowo.eu\/#\/schema\/logo\/image\/","url":"https:\/\/namiodowo.eu\/wp-content\/uploads\/2024\/11\/logo-M-gold-small.png","contentUrl":"https:\/\/namiodowo.eu\/wp-content\/uploads\/2024\/11\/logo-M-gold-small.png","width":40,"height":40,"caption":"namiodowo"},"image":{"@id":"https:\/\/namiodowo.eu\/#\/schema\/logo\/image\/"},"sameAs":["https:\/\/www.facebook.com\/namiodowo","https:\/\/www.instagram.com\/na.miodowo"]}]}},"_links":{"self":[{"href":"https:\/\/namiodowo.eu\/en\/wp-json\/wp\/v2\/pages\/133","targetHints":{"allow":["GET"]}}],"collection":[{"href":"https:\/\/namiodowo.eu\/en\/wp-json\/wp\/v2\/pages"}],"about":[{"href":"https:\/\/namiodowo.eu\/en\/wp-json\/wp\/v2\/types\/page"}],"author":[{"embeddable":true,"href":"https:\/\/namiodowo.eu\/en\/wp-json\/wp\/v2\/users\/1"}],"replies":[{"embeddable":true,"href":"https:\/\/namiodowo.eu\/en\/wp-json\/wp\/v2\/comments?post=133"}],"version-history":[{"count":5,"href":"https:\/\/namiodowo.eu\/en\/wp-json\/wp\/v2\/pages\/133\/revisions"}],"predecessor-version":[{"id":1628,"href":"https:\/\/namiodowo.eu\/en\/wp-json\/wp\/v2\/pages\/133\/revisions\/1628"}],"wp:attachment":[{"href":"https:\/\/namiodowo.eu\/en\/wp-json\/wp\/v2\/media?parent=133"}],"curies":[{"name":"wp","href":"https:\/\/api.w.org\/{rel}","templated":true}]}}