{"id":132,"date":"2024-11-13T00:25:20","date_gmt":"2024-11-12T23:25:20","guid":{"rendered":"https:\/\/namiodowo.eu\/pl\/?page_id=132"},"modified":"2024-11-25T23:09:05","modified_gmt":"2024-11-25T22:09:05","slug":"platnosci","status":"publish","type":"page","link":"https:\/\/namiodowo.eu\/en\/platnosci\/","title":{"rendered":"P\u0142atno\u015bci"},"content":{"rendered":"<p>Obecnie w naszym sklepie oferujemy mo\u017cliwo\u015b\u0107 p\u0142atno\u015bci za pomoc\u0105 <strong>przelew\u00f3w tradycyjnych<\/strong>. Po z\u0142o\u017ceniu zam\u00f3wienia otrzymaj\u0105 Pa\u0144stwo e-mail z danymi do wykonania przelewu.<\/p><p>Pracujemy nad rozszerzeniem dost\u0119pnych metod p\u0142atno\u015bci, aby zakupy w naszym sklepie by\u0142y jeszcze wygodniejsze. Ju\u017c wkr\u00f3tce wprowadzimy:<\/p><ul class=\"wp-block-list\"><li><strong>BLIK<\/strong> \u2013 szybkie i bezpieczne p\u0142atno\u015bci mobilne,<\/li>\n\n<li><strong>PayU<\/strong> \u2013 system p\u0142atno\u015bci online, kt\u00f3ry umo\u017cliwi korzystanie z kart p\u0142atniczych, szybkich przelew\u00f3w i innych metod.<\/li><\/ul><p>Dzi\u0119kujemy za cierpliwo\u015b\u0107 i zaufanie. W razie pyta\u0144 lub problem\u00f3w z p\u0142atno\u015bciami, prosimy o kontakt z naszym zespo\u0142em.<\/p>","protected":false},"excerpt":{"rendered":"<p>Obecnie w naszym sklepie oferujemy mo\u017cliwo\u015b\u0107 p\u0142atno\u015bci za pomoc\u0105 przelew\u00f3w tradycyjnych. Po z\u0142o\u017ceniu zam\u00f3wienia otrzymaj\u0105 Pa\u0144stwo e-mail z danymi do [&hellip;]<\/p>\n","protected":false},"author":1,"featured_media":0,"parent":0,"menu_order":0,"comment_status":"closed","ping_status":"closed","template":"","meta":{"site-sidebar-layout":"default","site-content-layout":"","ast-site-content-layout":"","site-content-style":"default","site-sidebar-style":"default","ast-global-header-display":"","ast-banner-title-visibility":"","ast-main-header-display":"","ast-hfb-above-header-display":"","ast-hfb-below-header-display":"","ast-hfb-mobile-header-display":"","site-post-title":"","ast-breadcrumbs-content":"","ast-featured-img":"","footer-sml-layout":"","theme-transparent-header-meta":"","adv-header-id-meta":"","stick-header-meta":"","header-above-stick-meta":"","header-main-stick-meta":"","header-below-stick-meta":"","astra-migrate-meta-layouts":"default","ast-page-background-enabled":"default","ast-page-background-meta":{"desktop":{"background-color":"var(--ast-global-color-4)","background-image":"","background-repeat":"repeat","background-position":"center center","background-size":"auto","background-attachment":"scroll","background-type":"","background-media":"","overlay-type":"","overlay-color":"","overlay-opacity":"","overlay-gradient":""},"tablet":{"background-color":"","background-image":"","background-repeat":"repeat","background-position":"center center","background-size":"auto","background-attachment":"scroll","background-type":"","background-media":"","overlay-type":"","overlay-color":"","overlay-opacity":"","overlay-gradient":""},"mobile":{"background-color":"","background-image":"","background-repeat":"repeat","background-position":"center center","background-size":"auto","background-attachment":"scroll","background-type":"","background-media":"","overlay-type":"","overlay-color":"","overlay-opacity":"","overlay-gradient":""}},"ast-content-background-meta":{"desktop":{"background-color":"var(--ast-global-color-5)","background-image":"","background-repeat":"repeat","background-position":"center center","background-size":"auto","background-attachment":"scroll","background-type":"","background-media":"","overlay-type":"","overlay-color":"","overlay-opacity":"","overlay-gradient":""},"tablet":{"background-color":"var(--ast-global-color-5)","background-image":"","background-repeat":"repeat","background-position":"center center","background-size":"auto","background-attachment":"scroll","background-type":"","background-media":"","overlay-type":"","overlay-color":"","overlay-opacity":"","overlay-gradient":""},"mobile":{"background-color":"var(--ast-global-color-5)","background-image":"","background-repeat":"repeat","background-position":"center center","background-size":"auto","background-attachment":"scroll","background-type":"","background-media":"","overlay-type":"","overlay-color":"","overlay-opacity":"","overlay-gradient":""}},"footnotes":""},"class_list":["post-132","page","type-page","status-publish","hentry"],"yoast_head":"<!-- This site is optimized with the Yoast SEO plugin v23.9 - https:\/\/yoast.com\/wordpress\/plugins\/seo\/ -->\n<title>P\u0142atno\u015bci - namiodowo<\/title>\n<meta name=\"robots\" content=\"index, follow, max-snippet:-1, max-image-preview:large, max-video-preview:-1\" \/>\n<link rel=\"canonical\" href=\"https:\/\/namiodowo.eu\/en\/platnosci\/\" \/>\n<meta property=\"og:locale\" content=\"en_US\" \/>\n<meta property=\"og:locale:alternate\" content=\"pl_PL\" \/>\n<meta property=\"og:type\" content=\"article\" \/>\n<meta property=\"og:title\" content=\"P\u0142atno\u015bci\" \/>\n<meta property=\"og:description\" content=\"Obecnie w naszym sklepie oferujemy mo\u017cliwo\u015b\u0107 p\u0142atno\u015bci za pomoc\u0105 przelew\u00f3w tradycyjnych. Po z\u0142o\u017ceniu zam\u00f3wienia otrzymaj\u0105 Pa\u0144stwo e-mail z danymi do [&hellip;]\" \/>\n<meta property=\"og:url\" content=\"https:\/\/namiodowo.eu\/en\/platnosci\/\" \/>\n<meta property=\"og:site_name\" content=\"namiodowo\" \/>\n<meta property=\"article:publisher\" content=\"https:\/\/www.facebook.com\/namiodowo\" \/>\n<meta property=\"article:modified_time\" content=\"2024-11-25T22:09:05+00:00\" \/>\n<meta name=\"twitter:card\" content=\"summary_large_image\" \/>\n<meta name=\"twitter:label1\" content=\"Est. reading time\" \/>\n\t<meta name=\"twitter:data1\" content=\"1 minute\" \/>\n<script type=\"application\/ld+json\" class=\"yoast-schema-graph\">{\"@context\":\"https:\/\/schema.org\",\"@graph\":[{\"@type\":\"WebPage\",\"@id\":\"https:\/\/namiodowo.eu\/pl\/platnosci\/\",\"url\":\"https:\/\/namiodowo.eu\/pl\/platnosci\/\",\"name\":\"P\u0142atno\u015bci\",\"isPartOf\":{\"@id\":\"https:\/\/namiodowo.eu\/#website\"},\"datePublished\":\"2024-11-12T23:25:20+00:00\",\"dateModified\":\"2024-11-25T22:09:05+00:00\",\"breadcrumb\":{\"@id\":\"https:\/\/namiodowo.eu\/pl\/platnosci\/#breadcrumb\"},\"inLanguage\":\"en-US\",\"potentialAction\":[{\"@type\":\"ReadAction\",\"target\":[\"https:\/\/namiodowo.eu\/pl\/platnosci\/\"]}]},{\"@type\":\"BreadcrumbList\",\"@id\":\"https:\/\/namiodowo.eu\/pl\/platnosci\/#breadcrumb\",\"itemListElement\":[{\"@type\":\"ListItem\",\"position\":1,\"name\":\"Strona g\u0142\u00f3wna\",\"item\":\"https:\/\/namiodowo.eu\/pl\/\"},{\"@type\":\"ListItem\",\"position\":2,\"name\":\"P\u0142atno\u015bci\"}]},{\"@type\":\"WebSite\",\"@id\":\"https:\/\/namiodowo.eu\/#website\",\"url\":\"https:\/\/namiodowo.eu\/\",\"name\":\"Miodosytnia Namiodowo | Rzemie\u015blnicze Miody Pitne\",\"description\":\"Tradycja, Pasja, Doskona\u0142y Smak\",\"publisher\":{\"@id\":\"https:\/\/namiodowo.eu\/#organization\"},\"potentialAction\":[{\"@type\":\"SearchAction\",\"target\":{\"@type\":\"EntryPoint\",\"urlTemplate\":\"https:\/\/namiodowo.eu\/?s={search_term_string}\"},\"query-input\":{\"@type\":\"PropertyValueSpecification\",\"valueRequired\":true,\"valueName\":\"search_term_string\"}}],\"inLanguage\":\"en-US\"},{\"@type\":\"Organization\",\"@id\":\"https:\/\/namiodowo.eu\/#organization\",\"name\":\"namiodowo\",\"url\":\"https:\/\/namiodowo.eu\/\",\"logo\":{\"@type\":\"ImageObject\",\"inLanguage\":\"en-US\",\"@id\":\"https:\/\/namiodowo.eu\/#\/schema\/logo\/image\/\",\"url\":\"https:\/\/namiodowo.eu\/wp-content\/uploads\/2024\/11\/logo-M-gold-small.png\",\"contentUrl\":\"https:\/\/namiodowo.eu\/wp-content\/uploads\/2024\/11\/logo-M-gold-small.png\",\"width\":40,\"height\":40,\"caption\":\"namiodowo\"},\"image\":{\"@id\":\"https:\/\/namiodowo.eu\/#\/schema\/logo\/image\/\"},\"sameAs\":[\"https:\/\/www.facebook.com\/namiodowo\",\"https:\/\/www.instagram.com\/na.miodowo\"]}]}<\/script>\n<!-- \/ Yoast SEO plugin. -->","yoast_head_json":{"title":"P\u0142atno\u015bci - namiodowo","robots":{"index":"index","follow":"follow","max-snippet":"max-snippet:-1","max-image-preview":"max-image-preview:large","max-video-preview":"max-video-preview:-1"},"canonical":"https:\/\/namiodowo.eu\/en\/platnosci\/","og_locale":"en_US","og_type":"article","og_title":"[:pl]P\u0142atno\u015bci[:] - namiodowo","og_description":"Obecnie w naszym sklepie oferujemy mo\u017cliwo\u015b\u0107 p\u0142atno\u015bci za pomoc\u0105 przelew\u00f3w tradycyjnych. Po z\u0142o\u017ceniu zam\u00f3wienia otrzymaj\u0105 Pa\u0144stwo e-mail z danymi do [&hellip;]","og_url":"https:\/\/namiodowo.eu\/en\/platnosci\/","og_site_name":"namiodowo","article_publisher":"https:\/\/www.facebook.com\/namiodowo","article_modified_time":"2024-11-25T22:09:05+00:00","twitter_card":"summary_large_image","twitter_misc":{"Est. reading time":"1 minute"},"schema":{"@context":"https:\/\/schema.org","@graph":[{"@type":"WebPage","@id":"https:\/\/namiodowo.eu\/pl\/platnosci\/","url":"https:\/\/namiodowo.eu\/pl\/platnosci\/","name":"P\u0142atno\u015bci","isPartOf":{"@id":"https:\/\/namiodowo.eu\/#website"},"datePublished":"2024-11-12T23:25:20+00:00","dateModified":"2024-11-25T22:09:05+00:00","breadcrumb":{"@id":"https:\/\/namiodowo.eu\/pl\/platnosci\/#breadcrumb"},"inLanguage":"en-US","potentialAction":[{"@type":"ReadAction","target":["https:\/\/namiodowo.eu\/pl\/platnosci\/"]}]},{"@type":"BreadcrumbList","@id":"https:\/\/namiodowo.eu\/pl\/platnosci\/#breadcrumb","itemListElement":[{"@type":"ListItem","position":1,"name":"Strona g\u0142\u00f3wna","item":"https:\/\/namiodowo.eu\/pl\/"},{"@type":"ListItem","position":2,"name":"P\u0142atno\u015bci"}]},{"@type":"WebSite","@id":"https:\/\/namiodowo.eu\/#website","url":"https:\/\/namiodowo.eu\/","name":"Miodosytnia Namiodowo | Rzemie\u015blnicze Miody Pitne","description":"Tradycja, Pasja, Doskona\u0142y Smak","publisher":{"@id":"https:\/\/namiodowo.eu\/#organization"},"potentialAction":[{"@type":"SearchAction","target":{"@type":"EntryPoint","urlTemplate":"https:\/\/namiodowo.eu\/?s={search_term_string}"},"query-input":{"@type":"PropertyValueSpecification","valueRequired":true,"valueName":"search_term_string"}}],"inLanguage":"en-US"},{"@type":"Organization","@id":"https:\/\/namiodowo.eu\/#organization","name":"namiodowo","url":"https:\/\/namiodowo.eu\/","logo":{"@type":"ImageObject","inLanguage":"en-US","@id":"https:\/\/namiodowo.eu\/#\/schema\/logo\/image\/","url":"https:\/\/namiodowo.eu\/wp-content\/uploads\/2024\/11\/logo-M-gold-small.png","contentUrl":"https:\/\/namiodowo.eu\/wp-content\/uploads\/2024\/11\/logo-M-gold-small.png","width":40,"height":40,"caption":"namiodowo"},"image":{"@id":"https:\/\/namiodowo.eu\/#\/schema\/logo\/image\/"},"sameAs":["https:\/\/www.facebook.com\/namiodowo","https:\/\/www.instagram.com\/na.miodowo"]}]}},"_links":{"self":[{"href":"https:\/\/namiodowo.eu\/en\/wp-json\/wp\/v2\/pages\/132","targetHints":{"allow":["GET"]}}],"collection":[{"href":"https:\/\/namiodowo.eu\/en\/wp-json\/wp\/v2\/pages"}],"about":[{"href":"https:\/\/namiodowo.eu\/en\/wp-json\/wp\/v2\/types\/page"}],"author":[{"embeddable":true,"href":"https:\/\/namiodowo.eu\/en\/wp-json\/wp\/v2\/users\/1"}],"replies":[{"embeddable":true,"href":"https:\/\/namiodowo.eu\/en\/wp-json\/wp\/v2\/comments?post=132"}],"version-history":[{"count":2,"href":"https:\/\/namiodowo.eu\/en\/wp-json\/wp\/v2\/pages\/132\/revisions"}],"predecessor-version":[{"id":399,"href":"https:\/\/namiodowo.eu\/en\/wp-json\/wp\/v2\/pages\/132\/revisions\/399"}],"wp:attachment":[{"href":"https:\/\/namiodowo.eu\/en\/wp-json\/wp\/v2\/media?parent=132"}],"curies":[{"name":"wp","href":"https:\/\/api.w.org\/{rel}","templated":true}]}}