{"id":131,"date":"2024-11-13T00:25:20","date_gmt":"2024-11-12T23:25:20","guid":{"rendered":"https:\/\/namiodowo.eu\/pl\/?page_id=131"},"modified":"2024-11-25T20:49:06","modified_gmt":"2024-11-25T19:49:06","slug":"polityka-prywatnosci-2","status":"publish","type":"page","link":"https:\/\/namiodowo.eu\/en\/polityka-prywatnosci-2\/","title":{"rendered":"Polityka prywatno\u015bci"},"content":{"rendered":"<h1 class=\"wp-block-heading\">Polityka prywatno\u015bci<\/h1><p>\u201cZgodnie z art. 13 ust. 1 i ust. 2 rozporz\u0105dzenia Parlamentu Europejskiego i Rady (UE) 2016\/679 z 27 kwietnia 2016 r. w sprawie ochrony os\u00f3b fizycznych w zwi\u0105zku z przetwarzaniem danych osobowych i w sprawie swobodnego przep\u0142ywu takich danych oraz uchylenia dyrektywy 95\/46\/WE (RODO), informujemy\u201d<\/p><p>Niniejsza polityka prywatno\u015bci i plik\u00f3w cookies opisuje zasady post\u0119powania z danymi osobowymi oraz wykorzystywania plik\u00f3w cookies i innych technologii w ramach strony internetowej https:\/\/namiodowo.eu.<\/p><p>Administratorem strony jest MIODOSYTNIA \u201eNA MIODOWO\u201d SP\u00d3\u0141KA Z OGRANICZON\u0104 ODPOWIEDZIALNO\u015aCI\u0104, prowadz\u0105ca dzia\u0142alno\u015b\u0107 gospodarcz\u0105 pod adresem: ul.Szpakowa 11, 42-520 D\u0105browa G\u00f3rnicza, NIP 6292509729. Kontakt z administratorem mo\u017cliwy pod adresem e-mail kontakt@namiodowo.pl.<\/p><h2 class=\"wp-block-heading\">\u00a7 1 Definicje<\/h2><p>Na potrzeby niniejszej polityki prywatno\u015bci, przyjmuje si\u0119 nast\u0119puj\u0105ce znaczenie poni\u017cszych poj\u0119\u0107:<\/p><p>Administrator \u2013 MIODOSYTNIA \u201eNA MIODOWO\u201d SP\u00d3\u0141KA Z OGRANICZON\u0104 ODPOWIEDZIALNO\u015aCI\u0104<\/p><p>Strona \u2013 strona internetowa dost\u0119pna pod adresem https:\/\/namiodowo.pl,<\/p><p>U\u017cytkownik \u2013 ka\u017cdy podmiot, kt\u00f3ry korzysta ze Strony.<\/p><h2 class=\"wp-block-heading\">\u00a7 2 Dane osobowe<\/h2><p>U\u017cytkownik mo\u017ce przekazywa\u0107 swoje dane osobowe Administratorowi wysy\u0142aj\u0105c wiadomos\u0107 na adres e-mail dost\u0119pney na Stronie.<\/p><p>Administratorem danych osobowych U\u017cytkownika jest Administrator.<\/p><p>Dane przekazane Administratorowi w ramach korespondencji mailowej przetwarzane s\u0105 w celu do przetworzenia zapytania otrzymanego od U\u017cytkownika.<\/p><p>Administrator gwarantuje poufno\u015b\u0107 wszelkich przekazanych mu danych osobowych. Administrator nie udost\u0119pnia przekazanych mu danych jakimkolwiek podmiotom trzecim.<\/p><p>Administrator ma prawo udost\u0119pnia\u0107 dane osobowe U\u017cytkownika oraz innych jego danych podmiotom upowa\u017cnionym na podstawie w\u0142a\u015bciwych przepis\u00f3w prawa (np. organom \u015bcigania).<\/p><p>Dane osobowe s\u0105 gromadzone z nale\u017cyt\u0105 staranno\u015bci\u0105 i odpowiednio chronione przed dost\u0119pem do nich przez osoby do tego nieupowa\u017cnione.<\/p><p>Dane osobowe b\u0119d\u0105 przechowywane przez okres 30 dni do momentu przetworzenia zapytania otrzymanego od U\u017cytkownika lub do odwo\u0142ania zgodny na przetwarzanie danych osobowych.<\/p><p>U\u017cytkownikowi przys\u0142uguj\u0105 nast\u0119puj\u0105ce uprawnienia:<\/p><ul class=\"wp-block-list\"><li>prawo do \u017c\u0105dania dost\u0119pu do swoich danych, ich sprostowania, usuni\u0119cia lub ograniczenia przetwarzania,<\/li>\n\n<li>prawo do wniesienia sprzeciwu wobec przetwarzania,<\/li>\n\n<li>prawo do przenoszenia danych, prawo do cofni\u0119cia zgody na przetwarzanie danych osobowych w okre\u015blonym celu, je\u017celi U\u017cytkownik uprzednio tak\u0105 zgod\u0119 wyrazi\u0142,<\/li>\n\n<li>prawo do wniesienia skargi do organu nadzorczego w zwi\u0105zku z przetwarzaniem danych osobowych przez Administratora<\/li><\/ul><p>Administrator informuje niniejszym U\u017cytkownika, \u017ce powierza przetwarzanie danych osobowych nast\u0119puj\u0105cym podmiotom:<br>LH.PL SP. Z O.O. z siedzib\u0105 w UL. KS. JAKUBA WUJKA 7\/26 61-581 POZNA\u0143, NIP: 7831711517, KRS: 0000503852 \u2013 w celu przechowywania danych osobowych na serwerze.<\/p><h2 class=\"wp-block-heading\">\u00a7 3 Pliki cookies<\/h2><p>Administrator wykorzystuje pliki cookies (ciasteczka), czyli niewielkie informacje tekstowe, przechowywane na urz\u0105dzeniu ko\u0144cowym U\u017cytkownika (np. komputerze, tablecie, smartfonie). Cookies mog\u0105 by\u0107 odczytywane przez system teleinformatyczny Administratora.<\/p><p>Administrator przechowuje pliki cookies na urz\u0105dzeniu ko\u0144cowym U\u017cytkownika, a nast\u0119pnie uzyskuje dost\u0119p do informacji w nich zawartych w celach statystycznych, w celach marketingowych (remarketing) oraz w celu zapewnienia prawid\u0142owego dzia\u0142ania Strony.<\/p><p>Administrator informuje niniejszym U\u017cytkownika, \u017ce istnieje mo\u017cliwo\u015b\u0107 takiej konfiguracji przegl\u0105darki internetowej, kt\u00f3ra uniemo\u017cliwia przechowywanie plik\u00f3w cookies na urz\u0105dzeniu ko\u0144cowym U\u017cytkownika. W takiej sytuacji, korzystanie ze Strony przez U\u017cytkownika mo\u017ce by\u0107 utrudnione.<\/p><p>Administrator wskazuje niniejszym, \u017ce pliki cookies mog\u0105 by\u0107 przez U\u017cytkownika usuni\u0119te po ich zapisaniu przez Administratora, poprzez odpowiednie funkcje przegl\u0105darki internetowej, programy s\u0142u\u017c\u0105ce w tym celu lub skorzystanie z odpowiednich narz\u0119dzi dost\u0119pnych w ramach systemu operacyjnego, z kt\u00f3rego korzysta U\u017cytkownik.<\/p><h2 class=\"wp-block-heading\">\u00a7 4 Logi serwera<\/h2><p>Korzystanie ze Strony wi\u0105\u017ce si\u0119 z przesy\u0142aniem zapyta\u0144 do serwera, na kt\u00f3rym przechowywana jest Strona. Ka\u017cde zapytanie skierowane do serwera zapisywane jest w logach serwera. Logi obejmuj\u0105 m.in. adres IP U\u017cytkownika, dat\u0119 i czas serwera, informacje o przegl\u0105darce internetowej i systemie operacyjnym, z jakiego korzysta U\u017cytkownik.<\/p><p>Logi zapisywane i przechowywane s\u0105 na serwerze. Dane zapisane w logach serwera nie s\u0105 kojarzone z konkretnymi osobami korzystaj\u0105cymi ze Strony i nie s\u0105 wykorzystywane przez Administratora w celu identyfikacji U\u017cytkownika.<\/p><p>Logi serwera stanowi\u0105 wy\u0142\u0105cznie materia\u0142 pomocniczy s\u0142u\u017c\u0105cy do administrowania Stron\u0105, a ich zawarto\u015b\u0107 nie jest ujawniana nikomu poza osobami upowa\u017cnionymi do administrowania serwerem.<\/p>","protected":false},"excerpt":{"rendered":"<p>Polityka prywatno\u015bci \u201cZgodnie z art. 13 ust. 1 i ust. 2 rozporz\u0105dzenia Parlamentu Europejskiego i Rady (UE) 2016\/679 z 27 [&hellip;]<\/p>\n","protected":false},"author":1,"featured_media":0,"parent":0,"menu_order":0,"comment_status":"closed","ping_status":"closed","template":"","meta":{"site-sidebar-layout":"default","site-content-layout":"","ast-site-content-layout":"","site-content-style":"default","site-sidebar-style":"default","ast-global-header-display":"","ast-banner-title-visibility":"","ast-main-header-display":"","ast-hfb-above-header-display":"","ast-hfb-below-header-display":"","ast-hfb-mobile-header-display":"","site-post-title":"disabled","ast-breadcrumbs-content":"","ast-featured-img":"","footer-sml-layout":"","theme-transparent-header-meta":"","adv-header-id-meta":"","stick-header-meta":"","header-above-stick-meta":"","header-main-stick-meta":"","header-below-stick-meta":"","astra-migrate-meta-layouts":"default","ast-page-background-enabled":"default","ast-page-background-meta":{"desktop":{"background-color":"var(--ast-global-color-4)","background-image":"","background-repeat":"repeat","background-position":"center center","background-size":"auto","background-attachment":"scroll","background-type":"","background-media":"","overlay-type":"","overlay-color":"","overlay-opacity":"","overlay-gradient":""},"tablet":{"background-color":"","background-image":"","background-repeat":"repeat","background-position":"center center","background-size":"auto","background-attachment":"scroll","background-type":"","background-media":"","overlay-type":"","overlay-color":"","overlay-opacity":"","overlay-gradient":""},"mobile":{"background-color":"","background-image":"","background-repeat":"repeat","background-position":"center center","background-size":"auto","background-attachment":"scroll","background-type":"","background-media":"","overlay-type":"","overlay-color":"","overlay-opacity":"","overlay-gradient":""}},"ast-content-background-meta":{"desktop":{"background-color":"var(--ast-global-color-5)","background-image":"","background-repeat":"repeat","background-position":"center center","background-size":"auto","background-attachment":"scroll","background-type":"","background-media":"","overlay-type":"","overlay-color":"","overlay-opacity":"","overlay-gradient":""},"tablet":{"background-color":"var(--ast-global-color-5)","background-image":"","background-repeat":"repeat","background-position":"center center","background-size":"auto","background-attachment":"scroll","background-type":"","background-media":"","overlay-type":"","overlay-color":"","overlay-opacity":"","overlay-gradient":""},"mobile":{"background-color":"var(--ast-global-color-5)","background-image":"","background-repeat":"repeat","background-position":"center center","background-size":"auto","background-attachment":"scroll","background-type":"","background-media":"","overlay-type":"","overlay-color":"","overlay-opacity":"","overlay-gradient":""}},"footnotes":""},"class_list":["post-131","page","type-page","status-publish","hentry"],"yoast_head":"<!-- This site is optimized with the Yoast SEO plugin v23.9 - https:\/\/yoast.com\/wordpress\/plugins\/seo\/ -->\n<title>Polityka prywatno\u015bci - namiodowo<\/title>\n<meta name=\"robots\" content=\"index, follow, max-snippet:-1, max-image-preview:large, max-video-preview:-1\" \/>\n<link rel=\"canonical\" href=\"https:\/\/namiodowo.eu\/en\/polityka-prywatnosci-2\/\" \/>\n<meta property=\"og:locale\" content=\"en_US\" \/>\n<meta property=\"og:locale:alternate\" content=\"pl_PL\" \/>\n<meta property=\"og:type\" content=\"article\" \/>\n<meta property=\"og:title\" content=\"Polityka prywatno\u015bci\" \/>\n<meta property=\"og:description\" content=\"Polityka prywatno\u015bci \u201cZgodnie z art. 13 ust. 1 i ust. 2 rozporz\u0105dzenia Parlamentu Europejskiego i Rady (UE) 2016\/679 z 27 [&hellip;]\" \/>\n<meta property=\"og:url\" content=\"https:\/\/namiodowo.eu\/en\/polityka-prywatnosci-2\/\" \/>\n<meta property=\"og:site_name\" content=\"namiodowo\" \/>\n<meta property=\"article:publisher\" content=\"https:\/\/www.facebook.com\/namiodowo\" \/>\n<meta property=\"article:modified_time\" content=\"2024-11-25T19:49:06+00:00\" \/>\n<meta name=\"twitter:card\" content=\"summary_large_image\" \/>\n<meta name=\"twitter:label1\" content=\"Est. reading time\" \/>\n\t<meta name=\"twitter:data1\" content=\"3 minutes\" \/>\n<script type=\"application\/ld+json\" class=\"yoast-schema-graph\">{\"@context\":\"https:\/\/schema.org\",\"@graph\":[{\"@type\":\"WebPage\",\"@id\":\"https:\/\/namiodowo.eu\/pl\/polityka-prywatnosci-2\/\",\"url\":\"https:\/\/namiodowo.eu\/pl\/polityka-prywatnosci-2\/\",\"name\":\"Polityka prywatno\u015bci\",\"isPartOf\":{\"@id\":\"https:\/\/namiodowo.eu\/#website\"},\"datePublished\":\"2024-11-12T23:25:20+00:00\",\"dateModified\":\"2024-11-25T19:49:06+00:00\",\"breadcrumb\":{\"@id\":\"https:\/\/namiodowo.eu\/pl\/polityka-prywatnosci-2\/#breadcrumb\"},\"inLanguage\":\"en-US\",\"potentialAction\":[{\"@type\":\"ReadAction\",\"target\":[\"https:\/\/namiodowo.eu\/pl\/polityka-prywatnosci-2\/\"]}]},{\"@type\":\"BreadcrumbList\",\"@id\":\"https:\/\/namiodowo.eu\/pl\/polityka-prywatnosci-2\/#breadcrumb\",\"itemListElement\":[{\"@type\":\"ListItem\",\"position\":1,\"name\":\"Strona g\u0142\u00f3wna\",\"item\":\"https:\/\/namiodowo.eu\/pl\/\"},{\"@type\":\"ListItem\",\"position\":2,\"name\":\"Polityka prywatno\u015bci\"}]},{\"@type\":\"WebSite\",\"@id\":\"https:\/\/namiodowo.eu\/#website\",\"url\":\"https:\/\/namiodowo.eu\/\",\"name\":\"Miodosytnia Namiodowo | Rzemie\u015blnicze Miody Pitne\",\"description\":\"Tradycja, Pasja, Doskona\u0142y Smak\",\"publisher\":{\"@id\":\"https:\/\/namiodowo.eu\/#organization\"},\"potentialAction\":[{\"@type\":\"SearchAction\",\"target\":{\"@type\":\"EntryPoint\",\"urlTemplate\":\"https:\/\/namiodowo.eu\/?s={search_term_string}\"},\"query-input\":{\"@type\":\"PropertyValueSpecification\",\"valueRequired\":true,\"valueName\":\"search_term_string\"}}],\"inLanguage\":\"en-US\"},{\"@type\":\"Organization\",\"@id\":\"https:\/\/namiodowo.eu\/#organization\",\"name\":\"namiodowo\",\"url\":\"https:\/\/namiodowo.eu\/\",\"logo\":{\"@type\":\"ImageObject\",\"inLanguage\":\"en-US\",\"@id\":\"https:\/\/namiodowo.eu\/#\/schema\/logo\/image\/\",\"url\":\"https:\/\/namiodowo.eu\/wp-content\/uploads\/2024\/11\/logo-M-gold-small.png\",\"contentUrl\":\"https:\/\/namiodowo.eu\/wp-content\/uploads\/2024\/11\/logo-M-gold-small.png\",\"width\":40,\"height\":40,\"caption\":\"namiodowo\"},\"image\":{\"@id\":\"https:\/\/namiodowo.eu\/#\/schema\/logo\/image\/\"},\"sameAs\":[\"https:\/\/www.facebook.com\/namiodowo\",\"https:\/\/www.instagram.com\/na.miodowo\"]}]}<\/script>\n<!-- \/ Yoast SEO plugin. -->","yoast_head_json":{"title":"Polityka prywatno\u015bci - namiodowo","robots":{"index":"index","follow":"follow","max-snippet":"max-snippet:-1","max-image-preview":"max-image-preview:large","max-video-preview":"max-video-preview:-1"},"canonical":"https:\/\/namiodowo.eu\/en\/polityka-prywatnosci-2\/","og_locale":"en_US","og_type":"article","og_title":"[:pl]Polityka prywatno\u015bci[:] - namiodowo","og_description":"Polityka prywatno\u015bci \u201cZgodnie z art. 13 ust. 1 i ust. 2 rozporz\u0105dzenia Parlamentu Europejskiego i Rady (UE) 2016\/679 z 27 [&hellip;]","og_url":"https:\/\/namiodowo.eu\/en\/polityka-prywatnosci-2\/","og_site_name":"namiodowo","article_publisher":"https:\/\/www.facebook.com\/namiodowo","article_modified_time":"2024-11-25T19:49:06+00:00","twitter_card":"summary_large_image","twitter_misc":{"Est. reading time":"3 minutes"},"schema":{"@context":"https:\/\/schema.org","@graph":[{"@type":"WebPage","@id":"https:\/\/namiodowo.eu\/pl\/polityka-prywatnosci-2\/","url":"https:\/\/namiodowo.eu\/pl\/polityka-prywatnosci-2\/","name":"Polityka prywatno\u015bci","isPartOf":{"@id":"https:\/\/namiodowo.eu\/#website"},"datePublished":"2024-11-12T23:25:20+00:00","dateModified":"2024-11-25T19:49:06+00:00","breadcrumb":{"@id":"https:\/\/namiodowo.eu\/pl\/polityka-prywatnosci-2\/#breadcrumb"},"inLanguage":"en-US","potentialAction":[{"@type":"ReadAction","target":["https:\/\/namiodowo.eu\/pl\/polityka-prywatnosci-2\/"]}]},{"@type":"BreadcrumbList","@id":"https:\/\/namiodowo.eu\/pl\/polityka-prywatnosci-2\/#breadcrumb","itemListElement":[{"@type":"ListItem","position":1,"name":"Strona g\u0142\u00f3wna","item":"https:\/\/namiodowo.eu\/pl\/"},{"@type":"ListItem","position":2,"name":"Polityka prywatno\u015bci"}]},{"@type":"WebSite","@id":"https:\/\/namiodowo.eu\/#website","url":"https:\/\/namiodowo.eu\/","name":"Miodosytnia Namiodowo | Rzemie\u015blnicze Miody Pitne","description":"Tradycja, Pasja, Doskona\u0142y Smak","publisher":{"@id":"https:\/\/namiodowo.eu\/#organization"},"potentialAction":[{"@type":"SearchAction","target":{"@type":"EntryPoint","urlTemplate":"https:\/\/namiodowo.eu\/?s={search_term_string}"},"query-input":{"@type":"PropertyValueSpecification","valueRequired":true,"valueName":"search_term_string"}}],"inLanguage":"en-US"},{"@type":"Organization","@id":"https:\/\/namiodowo.eu\/#organization","name":"namiodowo","url":"https:\/\/namiodowo.eu\/","logo":{"@type":"ImageObject","inLanguage":"en-US","@id":"https:\/\/namiodowo.eu\/#\/schema\/logo\/image\/","url":"https:\/\/namiodowo.eu\/wp-content\/uploads\/2024\/11\/logo-M-gold-small.png","contentUrl":"https:\/\/namiodowo.eu\/wp-content\/uploads\/2024\/11\/logo-M-gold-small.png","width":40,"height":40,"caption":"namiodowo"},"image":{"@id":"https:\/\/namiodowo.eu\/#\/schema\/logo\/image\/"},"sameAs":["https:\/\/www.facebook.com\/namiodowo","https:\/\/www.instagram.com\/na.miodowo"]}]}},"_links":{"self":[{"href":"https:\/\/namiodowo.eu\/en\/wp-json\/wp\/v2\/pages\/131","targetHints":{"allow":["GET"]}}],"collection":[{"href":"https:\/\/namiodowo.eu\/en\/wp-json\/wp\/v2\/pages"}],"about":[{"href":"https:\/\/namiodowo.eu\/en\/wp-json\/wp\/v2\/types\/page"}],"author":[{"embeddable":true,"href":"https:\/\/namiodowo.eu\/en\/wp-json\/wp\/v2\/users\/1"}],"replies":[{"embeddable":true,"href":"https:\/\/namiodowo.eu\/en\/wp-json\/wp\/v2\/comments?post=131"}],"version-history":[{"count":2,"href":"https:\/\/namiodowo.eu\/en\/wp-json\/wp\/v2\/pages\/131\/revisions"}],"predecessor-version":[{"id":384,"href":"https:\/\/namiodowo.eu\/en\/wp-json\/wp\/v2\/pages\/131\/revisions\/384"}],"wp:attachment":[{"href":"https:\/\/namiodowo.eu\/en\/wp-json\/wp\/v2\/media?parent=131"}],"curies":[{"name":"wp","href":"https:\/\/api.w.org\/{rel}","templated":true}]}}